{"id":16652,"date":"2022-01-25T15:21:18","date_gmt":"2022-01-25T15:21:18","guid":{"rendered":"https:\/\/magnesio.pt\/?page_id=16652"},"modified":"2025-08-05T10:35:07","modified_gmt":"2025-08-05T09:35:07","slug":"clients","status":"publish","type":"page","link":"https:\/\/magnesio.pt\/en\/clients\/","title":{"rendered":"Clients"},"content":{"rendered":"<p>[et_pb_section fb_built=&#8221;1&#8243; custom_padding_last_edited=&#8221;on|phone&#8221; admin_label=&#8221;section&#8221; module_id=&#8221;tamanho&#8221; _builder_version=&#8221;3.22&#8243; background_color=&#8221;RGBA(255,255,255,0)&#8221; custom_padding=&#8221;70px||50px|||&#8221; custom_padding_tablet=&#8221;200px|0|50px|0|false|false&#8221; custom_padding_phone=&#8221;170px||20px||false|false&#8221; transparent_background=&#8221;off&#8221; global_colors_info=&#8221;{}&#8221;][et_pb_row column_padding_mobile=&#8221;on&#8221; custom_padding_last_edited=&#8221;on|desktop&#8221; admin_label=&#8221;row&#8221; _builder_version=&#8221;4.14.7&#8243; background_size=&#8221;initial&#8221; background_position=&#8221;top_left&#8221; background_repeat=&#8221;repeat&#8221; width=&#8221;100%&#8221; width_tablet=&#8221;95%&#8221; width_phone=&#8221;90%&#8221; width_last_edited=&#8221;on|desktop&#8221; module_alignment=&#8221;left&#8221; custom_padding=&#8221;0px|0px|0px|0px|false|false&#8221; custom_padding_tablet=&#8221;0px|0px|0px|0px|false|false&#8221; custom_padding_phone=&#8221;0px|0px|0px|0px|false|false&#8221; module_alignment_tablet=&#8221;center&#8221; module_alignment_phone=&#8221;center&#8221; module_alignment_last_edited=&#8221;on|desktop&#8221; use_custom_width=&#8221;on&#8221; width_unit=&#8221;off&#8221; custom_width_percent=&#8221;100%&#8221; global_colors_info=&#8221;{}&#8221;][et_pb_column type=&#8221;4_4&#8243; _builder_version=&#8221;3.25&#8243; custom_padding=&#8221;|||&#8221; global_colors_info=&#8221;{}&#8221; custom_padding__hover=&#8221;|||&#8221;][et_pb_text _builder_version=&#8221;4.14.7&#8243; header_font=&#8221;Museo Sans||||||||&#8221; header_text_color=&#8221;#000000&#8243; background_size=&#8221;initial&#8221; background_position=&#8221;top_left&#8221; background_repeat=&#8221;repeat&#8221; text_orientation=&#8221;center&#8221; module_alignment=&#8221;center&#8221; custom_padding=&#8221;0px|||&#8221; use_border_color=&#8221;off&#8221; border_color=&#8221;#ffffff&#8221; border_style=&#8221;solid&#8221; locked=&#8221;off&#8221; global_colors_info=&#8221;{}&#8221;]<\/p>\n<h1 style=\"text-align: left;\">Clients<\/h1>\n<p>[\/et_pb_text][et_pb_text _builder_version=&#8221;4.14.7&#8243; text_font=&#8221;Museo Sans 300||||||||&#8221; text_text_color=&#8221;#000000&#8243; header_font=&#8221;||||||||&#8221; background_size=&#8221;initial&#8221; background_position=&#8221;top_left&#8221; background_repeat=&#8221;repeat&#8221; text_orientation=&#8221;center&#8221; width=&#8221;70%&#8221; width_tablet=&#8221;95%&#8221; width_phone=&#8221;90%&#8221; width_last_edited=&#8221;on|desktop&#8221; module_alignment=&#8221;left&#8221; custom_margin=&#8221;-25px|||&#8221; use_border_color=&#8221;off&#8221; border_color=&#8221;#ffffff&#8221; border_style=&#8221;solid&#8221; locked=&#8221;off&#8221; global_colors_info=&#8221;{}&#8221;]<\/p>\n<p style=\"text-align: left;\">Our clients have unique personalities and belong to different areas, such as law, banking, architecture, health and hospitality. Daily we study new themes and respond to new challenges.<\/p>\n<p>[\/et_pb_text][\/et_pb_column][\/et_pb_row][\/et_pb_section][et_pb_section fb_built=&#8221;1&#8243; custom_padding_last_edited=&#8221;on|desktop&#8221; admin_label=&#8221;section&#8221; module_id=&#8221;clientes&#8221; _builder_version=&#8221;4.14.6&#8243; background_color=&#8221;#ffffff&#8221; custom_padding=&#8221;20px||50px||false|false&#8221; custom_padding_tablet=&#8221;50px|0|50px|0&#8243; custom_padding_phone=&#8221;&#8221; transparent_background=&#8221;off&#8221; locked=&#8221;off&#8221; global_colors_info=&#8221;{}&#8221;][et_pb_row column_structure=&#8221;1_4,1_4,1_4,1_4&#8243; use_custom_gutter=&#8221;on&#8221; column_padding_mobile=&#8221;on&#8221; admin_label=&#8221;row&#8221; _builder_version=&#8221;3.25&#8243; background_size=&#8221;initial&#8221; background_position=&#8221;top_left&#8221; background_repeat=&#8221;repeat&#8221; width=&#8221;100%&#8221; max_width=&#8221;100%&#8221; custom_margin=&#8221;0px|||&#8221; custom_padding=&#8221;0px||0px||false|false&#8221; global_colors_info=&#8221;{}&#8221;][et_pb_column type=&#8221;1_4&#8243; _builder_version=&#8221;3.25&#8243; custom_padding=&#8221;|||&#8221; global_colors_info=&#8221;{}&#8221; custom_padding__hover=&#8221;|||&#8221;][et_pb_image src=&#8221;https:\/\/magnesio.pt\/wp-content\/uploads\/2022\/05\/HOTC_200_black.jpg&#8221; title_text=&#8221;HOTC_200_black&#8221; align_tablet=&#8221;center&#8221; align_phone=&#8221;center&#8221; align_last_edited=&#8221;on|desktop&#8221; admin_label=&#8221;HOTC&#8221; _builder_version=&#8221;4.14.7&#8243; custom_margin=&#8221;||44px|||&#8221; custom_padding=&#8221;|||25px||&#8221; use_border_color=&#8221;off&#8221; global_colors_info=&#8221;{}&#8221;][\/et_pb_image][et_pb_image src=&#8221;https:\/\/magnesio.pt\/wp-content\/uploads\/2024\/02\/92-Arquitetos.png&#8221; title_text=&#8221;92-Arquitetos&#8221; align_tablet=&#8221;center&#8221; align_phone=&#8221;center&#8221; align_last_edited=&#8221;on|phone&#8221; _builder_version=&#8221;4.14.7&#8243; _module_preset=&#8221;default&#8221; global_colors_info=&#8221;{}&#8221;][\/et_pb_image][et_pb_image src=&#8221;https:\/\/magnesio.pt\/wp-content\/uploads\/2022\/05\/srs-black.jpg&#8221; title_text=&#8221;srs-black&#8221; align_tablet=&#8221;center&#8221; align_phone=&#8221;center&#8221; align_last_edited=&#8221;on|desktop&#8221; admin_label=&#8221;AAA&#8221; _builder_version=&#8221;4.14.7&#8243; module_alignment=&#8221;center&#8221; custom_padding=&#8221;12px|||||&#8221; use_border_color=&#8221;off&#8221; global_colors_info=&#8221;{}&#8221;][\/et_pb_image][et_pb_image src=&#8221;https:\/\/magnesio.pt\/wp-content\/uploads\/2022\/05\/Atlantic-Cargo-black.jpg&#8221; title_text=&#8221;Atlantic-Cargo-black&#8221; align_tablet=&#8221;center&#8221; align_phone=&#8221;center&#8221; align_last_edited=&#8221;on|desktop&#8221; admin_label=&#8221;AMPVS&#8221; _builder_version=&#8221;4.14.7&#8243; custom_margin=&#8221;||5px|||&#8221; custom_padding=&#8221;21px|||||&#8221; use_border_color=&#8221;off&#8221; global_colors_info=&#8221;{}&#8221;][\/et_pb_image][\/et_pb_column][et_pb_column type=&#8221;1_4&#8243; _builder_version=&#8221;3.25&#8243; custom_padding=&#8221;|||&#8221; global_colors_info=&#8221;{}&#8221; custom_padding__hover=&#8221;|||&#8221;][et_pb_image src=&#8221;https:\/\/magnesio.pt\/wp-content\/uploads\/2025\/08\/itau\u0301_200px_black-new.jpg&#8221; title_text=&#8221;itau\u0301_200px_black-new&#8221; align_tablet=&#8221;center&#8221; align_phone=&#8221;center&#8221; align_last_edited=&#8221;on|desktop&#8221; admin_label=&#8221;ITA\u00da&#8221; _builder_version=&#8221;4.14.7&#8243; custom_margin=&#8221;||43px|||&#8221; hover_enabled=&#8221;0&#8243; use_border_color=&#8221;off&#8221; global_colors_info=&#8221;{}&#8221; sticky_enabled=&#8221;0&#8243;][\/et_pb_image][et_pb_image src=&#8221;https:\/\/magnesio.pt\/wp-content\/uploads\/2016\/07\/Fragmentos_200px.jpg&#8221; align_tablet=&#8221;center&#8221; align_phone=&#8221;center&#8221; align_last_edited=&#8221;on|desktop&#8221; admin_label=&#8221;FRAG&#8221; _builder_version=&#8221;3.23&#8243; use_border_color=&#8221;off&#8221; global_colors_info=&#8221;{}&#8221;][\/et_pb_image][et_pb_image src=&#8221;https:\/\/magnesio.pt\/wp-content\/uploads\/2022\/05\/caa_200px-black.jpg&#8221; title_text=&#8221;caa_200px-black&#8221; align_tablet=&#8221;center&#8221; align_phone=&#8221;center&#8221; align_last_edited=&#8221;on|desktop&#8221; admin_label=&#8221;CAA&#8221; _builder_version=&#8221;4.14.7&#8243; use_border_color=&#8221;off&#8221; global_colors_info=&#8221;{}&#8221;][\/et_pb_image][et_pb_image src=&#8221;https:\/\/magnesio.pt\/wp-content\/uploads\/2024\/02\/dentsu-2024.png&#8221; title_text=&#8221;dentsu-2024&#8243; align_tablet=&#8221;center&#8221; align_phone=&#8221;center&#8221; align_last_edited=&#8221;on|phone&#8221; admin_label=&#8221;Inspira&#8221; _builder_version=&#8221;4.14.7&#8243; max_width=&#8221;100%&#8221; module_alignment=&#8221;left&#8221; custom_margin=&#8221;|||&#8221; custom_padding=&#8221;7px||17px|2px||&#8221; use_border_color=&#8221;off&#8221; global_colors_info=&#8221;{}&#8221;][\/et_pb_image][\/et_pb_column][et_pb_column type=&#8221;1_4&#8243; _builder_version=&#8221;3.25&#8243; custom_padding=&#8221;|||&#8221; global_colors_info=&#8221;{}&#8221; custom_padding__hover=&#8221;|||&#8221;][et_pb_image src=&#8221;https:\/\/magnesio.pt\/wp-content\/uploads\/2024\/02\/teixeira-duarte.png&#8221; title_text=&#8221;teixeira-duarte&#8221; align_tablet=&#8221;center&#8221; align_phone=&#8221;center&#8221; align_last_edited=&#8221;on|phone&#8221; _builder_version=&#8221;4.14.7&#8243; _module_preset=&#8221;default&#8221; global_colors_info=&#8221;{}&#8221;][\/et_pb_image][et_pb_image src=&#8221;https:\/\/magnesio.pt\/wp-content\/uploads\/2025\/07\/logo-ogma.jpg&#8221; title_text=&#8221;logo-ogma&#8221; align_tablet=&#8221;center&#8221; align_phone=&#8221;center&#8221; align_last_edited=&#8221;on|desktop&#8221; admin_label=&#8221;CAA&#8221; _builder_version=&#8221;4.14.7&#8243; use_border_color=&#8221;off&#8221; global_colors_info=&#8221;{}&#8221;][\/et_pb_image][et_pb_image src=&#8221;https:\/\/magnesio.pt\/wp-content\/uploads\/2022\/05\/ADA_200px-black.jpg&#8221; title_text=&#8221;ADA_200px-black&#8221; align_tablet=&#8221;center&#8221; align_phone=&#8221;center&#8221; align_last_edited=&#8221;on|desktop&#8221; admin_label=&#8221;ADA&#8221; _builder_version=&#8221;4.14.7&#8243; use_border_color=&#8221;off&#8221; global_colors_info=&#8221;{}&#8221;][\/et_pb_image][et_pb_image src=&#8221;https:\/\/magnesio.pt\/wp-content\/uploads\/2022\/05\/shiki-miki-black.jpg&#8221; title_text=&#8221;shiki-miki-black&#8221; align_tablet=&#8221;center&#8221; align_phone=&#8221;center&#8221; align_last_edited=&#8221;on|desktop&#8221; admin_label=&#8221;ATLANTIC CARGO&#8221; _builder_version=&#8221;4.14.7&#8243; use_border_color=&#8221;off&#8221; global_colors_info=&#8221;{}&#8221;][\/et_pb_image][\/et_pb_column][et_pb_column type=&#8221;1_4&#8243; _builder_version=&#8221;3.25&#8243; custom_padding=&#8221;|||&#8221; global_colors_info=&#8221;{}&#8221; custom_padding__hover=&#8221;|||&#8221;][et_pb_image src=&#8221;https:\/\/magnesio.pt\/wp-content\/uploads\/2024\/02\/inspired-orbit.png&#8221; title_text=&#8221;inspired-orbit&#8221; align_tablet=&#8221;center&#8221; align_phone=&#8221;center&#8221; align_last_edited=&#8221;on|phone&#8221; _builder_version=&#8221;4.14.7&#8243; _module_preset=&#8221;default&#8221; custom_padding=&#8221;|||24px||&#8221; global_colors_info=&#8221;{}&#8221;][\/et_pb_image][et_pb_image src=&#8221;https:\/\/magnesio.pt\/wp-content\/uploads\/2022\/05\/Inspira_200_black.jpg&#8221; title_text=&#8221;Inspira_200_black&#8221; align_tablet=&#8221;center&#8221; align_phone=&#8221;center&#8221; align_last_edited=&#8221;on|desktop&#8221; admin_label=&#8221;Inspira&#8221; _builder_version=&#8221;4.14.7&#8243; use_border_color=&#8221;off&#8221; global_colors_info=&#8221;{}&#8221;][\/et_pb_image][et_pb_image src=&#8221;https:\/\/magnesio.pt\/wp-content\/uploads\/2022\/05\/Nova-Advogados-black.jpg&#8221; title_text=&#8221;Nova-Advogados-black&#8221; align_tablet=&#8221;center&#8221; align_phone=&#8221;center&#8221; align_last_edited=&#8221;on|desktop&#8221; admin_label=&#8221;NOVA ADVOGADOS&#8221; _builder_version=&#8221;4.14.7&#8243; use_border_color=&#8221;off&#8221; global_colors_info=&#8221;{}&#8221;][\/et_pb_image][et_pb_image src=&#8221;https:\/\/magnesio.pt\/wp-content\/uploads\/2022\/05\/Bassanti-Studio-black.jpg&#8221; title_text=&#8221;Bassanti-Studio-black&#8221; align_tablet=&#8221;center&#8221; align_phone=&#8221;center&#8221; align_last_edited=&#8221;on|desktop&#8221; admin_label=&#8221;BASSANTI STUDIO&#8221; _builder_version=&#8221;4.14.7&#8243; use_border_color=&#8221;off&#8221; global_colors_info=&#8221;{}&#8221;][\/et_pb_image][\/et_pb_column][\/et_pb_row][\/et_pb_section]<\/p>\n","protected":false},"excerpt":{"rendered":"<p>ClientsOur clients have unique personalities and belong to different areas, such as law, banking, architecture, health and hospitality. Daily we study new themes and respond to new challenges.<\/p>\n","protected":false},"author":101012,"featured_media":0,"parent":0,"menu_order":0,"comment_status":"closed","ping_status":"closed","template":"","meta":{"_et_pb_use_builder":"on","_et_pb_old_content":"<p>[et_pb_section fb_built=\"1\" custom_padding_last_edited=\"on|phone\" admin_label=\"section\" module_id=\"tamanho\" _builder_version=\"3.22\" custom_padding=\"70px||50px|||\" custom_padding_tablet=\"200px|0|50px|0|false|false\" custom_padding_phone=\"170px||20px||false|false\" transparent_background=\"off\" global_colors_info=\"{}\" background_color=\"RGBA(255,255,255,0)\"][et_pb_row column_padding_mobile=\"on\" admin_label=\"row\" _builder_version=\"3.25\" width=\"100%\" custom_padding=\"0px|0px|0px|0px|false|false\" use_custom_width=\"on\" width_unit=\"off\" custom_width_percent=\"100%\" global_colors_info=\"{}\" background_size=\"initial\" background_position=\"top_left\" background_repeat=\"repeat\" width_tablet=\"90%\" width_phone=\"90%\" width_last_edited=\"on|desktop\" module_alignment=\"left\" module_alignment_tablet=\"center\" module_alignment_phone=\"center\" module_alignment_last_edited=\"on|desktop\" custom_padding_tablet=\"0px|0px|0px|0px|false|false\" custom_padding_phone=\"0px|0px|0px|0px|false|false\" custom_padding_last_edited=\"on|desktop\"][et_pb_column type=\"4_4\" _builder_version=\"3.25\" custom_padding=\"|||\" global_colors_info=\"{}\" custom_padding__hover=\"|||\"][et_pb_text _builder_version=\"4.14.6\" header_font=\"Museo Sans||||||||\" header_text_color=\"#000000\" text_orientation=\"center\" module_alignment=\"center\" custom_padding=\"0px|||\" use_border_color=\"off\" border_color=\"#ffffff\" border_style=\"solid\" global_colors_info=\"{}\" locked=\"off\" sticky_enabled=\"0\" background_size=\"initial\" background_position=\"top_left\" background_repeat=\"repeat\"]<\/p><h1 style=\"text-align: left;\">Clientes<\/h1><p>[\/et_pb_text][et_pb_text _builder_version=\"4.14.6\" text_font=\"Museo Sans 300||||||||\" text_text_color=\"#000000\" header_font=\"||||||||\" text_orientation=\"center\" module_alignment=\"left\" use_border_color=\"off\" border_color=\"#ffffff\" border_style=\"solid\" locked=\"off\" global_colors_info=\"{}\" sticky_enabled=\"0\" background_size=\"initial\" background_position=\"top_left\" background_repeat=\"repeat\" custom_margin=\"-25px|||\" width=\"70%\" hover_enabled=\"0\"]<\/p><p style=\"text-align: left;\">Os nossos clientes t\u00eam personalidades \u00fanicas e pertencem a \u00e1reas distintas, como a advocacia, a banca, a\u00a0arquitectura, a sa\u00fade e a hotelaria.\u00a0Diariamente estudamos novos temas e respondemos a novos desafios.<\/p><p>[\/et_pb_text][\/et_pb_column][\/et_pb_row][\/et_pb_section][et_pb_section fb_built=\"1\" custom_padding_last_edited=\"on|desktop\" admin_label=\"section\" module_id=\"clientes\" _builder_version=\"4.14.6\" background_color=\"#ffffff\" custom_padding=\"20px||50px||false|false\" custom_padding_tablet=\"50px|0|50px|0\" custom_padding_phone=\"\" hover_enabled=\"0\" transparent_background=\"off\" global_colors_info=\"{}\" sticky_enabled=\"0\"][et_pb_row column_structure=\"1_4,1_4,1_4,1_4\" column_padding_mobile=\"on\" admin_label=\"row\" _builder_version=\"3.25\" custom_padding=\"0px||0px||false|false\" global_colors_info=\"{}\" use_custom_gutter=\"on\" background_size=\"initial\" background_position=\"top_left\" background_repeat=\"repeat\" width=\"100%\" max_width=\"100%\" custom_margin=\"0px|||\"][et_pb_column type=\"1_4\" _builder_version=\"3.25\" custom_padding=\"|||\" global_colors_info=\"{}\" custom_padding__hover=\"|||\"][et_pb_image src=\"https:\/\/magnesio.pt\/wp-content\/uploads\/2016\/07\/itau\u0301_200px.jpg\" align_tablet=\"center\" align_phone=\"center\" align_last_edited=\"on|desktop\" admin_label=\"ITA\u00da\" _builder_version=\"3.23\" use_border_color=\"off\" global_colors_info=\"{}\"][\/et_pb_image][et_pb_image src=\"https:\/\/magnesio.pt\/wp-content\/uploads\/2018\/03\/Hexagen_200_V5.png\" align_tablet=\"center\" align_phone=\"center\" align_last_edited=\"on|desktop\" admin_label=\"HXGN\" _builder_version=\"3.23\" use_border_color=\"off\" global_colors_info=\"{}\"][\/et_pb_image][et_pb_image src=\"https:\/\/magnesio.pt\/wp-content\/uploads\/2021\/01\/Untitled-1-01-1.png\" align_tablet=\"center\" align_phone=\"center\" align_last_edited=\"on|desktop\" admin_label=\"AAA\" _builder_version=\"3.23\" module_alignment=\"center\" use_border_color=\"off\" global_colors_info=\"{}\"][\/et_pb_image][et_pb_image src=\"https:\/\/magnesio.pt\/wp-content\/uploads\/2018\/05\/AMPVS_200.png\" align_tablet=\"center\" align_phone=\"center\" align_last_edited=\"on|desktop\" admin_label=\"AMPVS\" _builder_version=\"3.23\" use_border_color=\"off\" global_colors_info=\"{}\"][\/et_pb_image][\/et_pb_column][et_pb_column type=\"1_4\" _builder_version=\"3.25\" custom_padding=\"|||\" global_colors_info=\"{}\" custom_padding__hover=\"|||\"][et_pb_image src=\"https:\/\/magnesio.pt\/wp-content\/uploads\/2018\/03\/HOTC_200_3.jpg\" align_tablet=\"center\" align_phone=\"center\" align_last_edited=\"on|desktop\" admin_label=\"HOTC\" _builder_version=\"3.23\" use_border_color=\"off\" global_colors_info=\"{}\"][\/et_pb_image][et_pb_image src=\"https:\/\/magnesio.pt\/wp-content\/uploads\/2018\/07\/Investoc_200.jpg\" align_tablet=\"center\" align_phone=\"center\" align_last_edited=\"on|desktop\" admin_label=\"CAA\" _builder_version=\"3.23\" use_border_color=\"off\" global_colors_info=\"{}\"][\/et_pb_image][et_pb_image src=\"https:\/\/magnesio.pt\/wp-content\/uploads\/2016\/07\/caa_200px.jpg\" align_tablet=\"center\" align_phone=\"center\" align_last_edited=\"on|desktop\" admin_label=\"CAA\" _builder_version=\"3.23\" use_border_color=\"off\" global_colors_info=\"{}\"][\/et_pb_image][et_pb_image src=\"https:\/\/magnesio.pt\/wp-content\/uploads\/2020\/02\/Atlantic-Cargo-3.png\" align_tablet=\"center\" align_phone=\"center\" align_last_edited=\"on|desktop\" admin_label=\"ATLANTIC CARGO\" _builder_version=\"3.23\" use_border_color=\"off\" global_colors_info=\"{}\"][\/et_pb_image][\/et_pb_column][et_pb_column type=\"1_4\" _builder_version=\"3.25\" custom_padding=\"|||\" global_colors_info=\"{}\" custom_padding__hover=\"|||\"][et_pb_image src=\"https:\/\/magnesio.pt\/wp-content\/uploads\/2016\/07\/cliente_logo_edp_1.jpg\" align_tablet=\"center\" align_phone=\"center\" align_last_edited=\"on|desktop\" admin_label=\"EDP\" _builder_version=\"3.23\" use_border_color=\"off\" global_colors_info=\"{}\"][\/et_pb_image][et_pb_image src=\"https:\/\/magnesio.pt\/wp-content\/uploads\/2016\/07\/Fragmentos_200px.jpg\" align_tablet=\"center\" align_phone=\"center\" align_last_edited=\"on|desktop\" admin_label=\"FRAG\" _builder_version=\"3.23\" use_border_color=\"off\" global_colors_info=\"{}\"][\/et_pb_image][et_pb_image src=\"https:\/\/magnesio.pt\/wp-content\/uploads\/2016\/07\/ADA_200px-1.jpg\" align_tablet=\"center\" align_phone=\"center\" align_last_edited=\"on|desktop\" admin_label=\"ADA\" _builder_version=\"3.23\" use_border_color=\"off\" global_colors_info=\"{}\"][\/et_pb_image][et_pb_image src=\"https:\/\/magnesio.pt\/wp-content\/uploads\/2020\/02\/Bassanti-Studio-03.png\" align_tablet=\"center\" align_phone=\"center\" align_last_edited=\"on|desktop\" admin_label=\"BASSANTI STUDIO\" _builder_version=\"3.23\" use_border_color=\"off\" global_colors_info=\"{}\"][\/et_pb_image][\/et_pb_column][et_pb_column type=\"1_4\" _builder_version=\"3.25\" custom_padding=\"|||\" global_colors_info=\"{}\" custom_padding__hover=\"|||\"][et_pb_image src=\"https:\/\/magnesio.pt\/wp-content\/uploads\/2018\/05\/Inspira_200_v4.jpg\" align_tablet=\"center\" align_phone=\"center\" align_last_edited=\"on|desktop\" admin_label=\"Inspira\" _builder_version=\"3.23\" use_border_color=\"off\" global_colors_info=\"{}\"][\/et_pb_image][et_pb_image src=\"https:\/\/magnesio.pt\/wp-content\/uploads\/2021\/08\/dentsu-logo_black.png\" align_tablet=\"center\" align_phone=\"center\" align_last_edited=\"on|desktop\" admin_label=\"Inspira\" _builder_version=\"3.23\" max_width=\"62%\" module_alignment=\"left\" custom_margin=\"|||\" custom_padding=\"35px||55px|30px\" use_border_color=\"off\" global_colors_info=\"{}\"][\/et_pb_image][et_pb_image src=\"https:\/\/magnesio.pt\/wp-content\/uploads\/2020\/02\/Nova-Advogados-2.png\" align_tablet=\"center\" align_phone=\"center\" align_last_edited=\"on|desktop\" admin_label=\"NOVA ADVOGADOS\" _builder_version=\"3.23\" use_border_color=\"off\" global_colors_info=\"{}\"][\/et_pb_image][et_pb_image src=\"https:\/\/magnesio.pt\/wp-content\/uploads\/2016\/07\/ComunVidaPaz_200px.jpg\" align_tablet=\"center\" align_phone=\"center\" align_last_edited=\"on|desktop\" admin_label=\"JER\u00d3NIMO MARTINS\" _builder_version=\"3.23\" use_border_color=\"off\" global_colors_info=\"{}\"][\/et_pb_image][\/et_pb_column][\/et_pb_row][\/et_pb_section]<\/p>","_et_gb_content_width":""},"_links":{"self":[{"href":"https:\/\/magnesio.pt\/en\/wp-json\/wp\/v2\/pages\/16652\/"}],"collection":[{"href":"https:\/\/magnesio.pt\/en\/wp-json\/wp\/v2\/pages\/"}],"about":[{"href":"https:\/\/magnesio.pt\/en\/wp-json\/wp\/v2\/types\/page\/"}],"author":[{"embeddable":true,"href":"https:\/\/magnesio.pt\/en\/wp-json\/wp\/v2\/users\/101012\/"}],"replies":[{"embeddable":true,"href":"https:\/\/magnesio.pt\/en\/wp-json\/wp\/v2\/comments\/?post=16652"}],"version-history":[{"count":12,"href":"https:\/\/magnesio.pt\/en\/wp-json\/wp\/v2\/pages\/16652\/revisions\/"}],"predecessor-version":[{"id":18229,"href":"https:\/\/magnesio.pt\/en\/wp-json\/wp\/v2\/pages\/16652\/revisions\/18229\/"}],"wp:attachment":[{"href":"https:\/\/magnesio.pt\/en\/wp-json\/wp\/v2\/media\/?parent=16652"}],"curies":[{"name":"wp","href":"https:\/\/api.w.org\/{rel}","templated":true}]}}